{"id":16131,"date":"2025-12-01T18:05:56","date_gmt":"2025-12-01T17:05:56","guid":{"rendered":"https:\/\/www.sp2.swidnica.pl\/?page_id=16131"},"modified":"2025-12-01T18:28:31","modified_gmt":"2025-12-01T17:28:31","slug":"16131-2","status":"publish","type":"page","link":"https:\/\/www.sp2.swidnica.pl\/?page_id=16131","title":{"rendered":"Przyjazna szko\u0142a"},"content":{"rendered":"<p>[et_pb_section fb_built=&#8221;1&#8243; _builder_version=&#8221;4.23.1&#8243; _module_preset=&#8221;default&#8221; custom_padding=&#8221;5px||0px|||&#8221; hover_enabled=&#8221;0&#8243; global_colors_info=&#8221;{}&#8221; sticky_enabled=&#8221;0&#8243; overflow-y=&#8221;visible&#8221; overflow-x=&#8221;visible&#8221; sticky_position=&#8221;top&#8221;][et_pb_row _builder_version=&#8221;4.23.1&#8243; _module_preset=&#8221;default&#8221; hover_enabled=&#8221;0&#8243; sticky_enabled=&#8221;0&#8243;][et_pb_column _builder_version=&#8221;4.23.1&#8243; _module_preset=&#8221;default&#8221; type=&#8221;4_4&#8243;][et_pb_image src=&#8221;https:\/\/www.sp2.swidnica.pl\/wp-content\/uploads\/2025\/11\/obraz.png&#8221; _builder_version=&#8221;4.23.1&#8243; _module_preset=&#8221;default&#8221; hover_enabled=&#8221;0&#8243; sticky_enabled=&#8221;0&#8243; title_text=&#8221;obraz&#8221;][\/et_pb_image][\/et_pb_column][\/et_pb_row][\/et_pb_section][et_pb_section fb_built=&#8221;1&#8243; _builder_version=&#8221;4.23.1&#8243; _module_preset=&#8221;default&#8221; custom_padding=&#8221;5px||0px|||&#8221; global_colors_info=&#8221;{}&#8221;][et_pb_row _builder_version=&#8221;4.23.1&#8243; _module_preset=&#8221;default&#8221; custom_padding=&#8221;0px|||||&#8221; global_colors_info=&#8221;{}&#8221;][et_pb_column type=&#8221;4_4&#8243; _builder_version=&#8221;4.23.1&#8243; _module_preset=&#8221;default&#8221; global_colors_info=&#8221;{}&#8221;][et_pb_image src=&#8221;https:\/\/www.sp2.swidnica.pl\/wp-content\/uploads\/2025\/12\/plakat-przyjazna-szkola-scaled.webp&#8221; title_text=&#8221;plakat-przyjazna-szko\u0142a&#8221; _builder_version=&#8221;4.23.1&#8243; _module_preset=&#8221;default&#8221; global_colors_info=&#8221;{}&#8221;][\/et_pb_image][\/et_pb_column][\/et_pb_row][\/et_pb_section][et_pb_section fb_built=&#8221;1&#8243; _builder_version=&#8221;4.16&#8243; background_color=&#8221;#3a5063&#8243; background_size=&#8221;contain&#8221; background_position=&#8221;top_center&#8221; custom_padding=&#8221;|||&#8221; global_colors_info=&#8221;{}&#8221;][et_pb_row column_structure=&#8221;1_4,1_4,1_4,1_4&#8243; admin_label=&#8221;Image Row&#8221; _builder_version=&#8221;4.16&#8243; global_colors_info=&#8221;{}&#8221;][et_pb_column type=&#8221;1_4&#8243; _builder_version=&#8221;4.16&#8243; custom_padding=&#8221;|||&#8221; global_colors_info=&#8221;{}&#8221; custom_padding__hover=&#8221;|||&#8221;][et_pb_image src=&#8221;http:\/\/www.sp2.swidnica.pl\/wp-content\/uploads\/2023\/12\/rr.jpg&#8221; align_tablet=&#8221;center&#8221; align_phone=&#8221;&#8221; align_last_edited=&#8221;on|desktop&#8221; _builder_version=&#8221;4.16&#8243; animation_style=&#8221;zoom&#8221; animation_intensity_zoom=&#8221;10%&#8221; border_radii=&#8221;on|10px|10px|10px|10px&#8221; global_colors_info=&#8221;{}&#8221;][\/et_pb_image][\/et_pb_column][et_pb_column type=&#8221;1_4&#8243; _builder_version=&#8221;4.16&#8243; custom_padding=&#8221;|||&#8221; global_colors_info=&#8221;{}&#8221; custom_padding__hover=&#8221;|||&#8221;][et_pb_image src=&#8221;http:\/\/www.sp2.swidnica.pl\/wp-content\/uploads\/2023\/12\/rrrr.jpg&#8221; align_tablet=&#8221;center&#8221; align_phone=&#8221;&#8221; align_last_edited=&#8221;on|desktop&#8221; _builder_version=&#8221;4.16&#8243; animation_style=&#8221;zoom&#8221; animation_intensity_zoom=&#8221;10%&#8221; border_radii=&#8221;on|10px|10px|10px|10px&#8221; global_colors_info=&#8221;{}&#8221;][\/et_pb_image][\/et_pb_column][et_pb_column type=&#8221;1_4&#8243; _builder_version=&#8221;4.16&#8243; custom_padding=&#8221;|||&#8221; global_colors_info=&#8221;{}&#8221; custom_padding__hover=&#8221;|||&#8221;][et_pb_image src=&#8221;http:\/\/www.sp2.swidnica.pl\/wp-content\/uploads\/2023\/12\/rrrrrr.jpg&#8221; align_tablet=&#8221;center&#8221; align_phone=&#8221;&#8221; align_last_edited=&#8221;on|desktop&#8221; _builder_version=&#8221;4.16&#8243; animation_style=&#8221;zoom&#8221; animation_intensity_zoom=&#8221;10%&#8221; border_radii=&#8221;on|10px|10px|10px|10px&#8221; global_colors_info=&#8221;{}&#8221;][\/et_pb_image][\/et_pb_column][et_pb_column type=&#8221;1_4&#8243; _builder_version=&#8221;4.16&#8243; custom_padding=&#8221;|||&#8221; global_colors_info=&#8221;{}&#8221; custom_padding__hover=&#8221;|||&#8221;][et_pb_image src=&#8221;http:\/\/www.sp2.swidnica.pl\/wp-content\/uploads\/2023\/12\/rrrrrrr.jpg&#8221; align_tablet=&#8221;center&#8221; align_phone=&#8221;&#8221; align_last_edited=&#8221;on|desktop&#8221; _builder_version=&#8221;4.16&#8243; animation_style=&#8221;zoom&#8221; animation_intensity_zoom=&#8221;10%&#8221; border_radii=&#8221;on|10px|10px|10px|10px&#8221; global_colors_info=&#8221;{}&#8221;][\/et_pb_image][\/et_pb_column][\/et_pb_row][et_pb_row column_structure=&#8221;1_2,1_2&#8243; _builder_version=&#8221;4.16&#8243; global_colors_info=&#8221;{}&#8221;][et_pb_column type=&#8221;1_2&#8243; _builder_version=&#8221;4.16&#8243; custom_padding=&#8221;|||&#8221; global_colors_info=&#8221;{}&#8221; custom_padding__hover=&#8221;|||&#8221;][et_pb_text _builder_version=&#8221;4.16&#8243; text_font=&#8221;Rubik|500|||||||&#8221; text_font_size=&#8221;16px&#8221; text_line_height=&#8221;2em&#8221; quote_font=&#8221;||||||||&#8221; header_font=&#8221;||||||||&#8221; header_2_font=&#8221;Rubik|700|||||||&#8221; header_2_font_size=&#8221;40px&#8221; header_2_line_height=&#8221;1.4em&#8221; header_5_font=&#8221;Rubik|700||on|||||&#8221; header_5_letter_spacing=&#8221;5px&#8221; header_5_line_height=&#8221;1.2em&#8221; background_layout=&#8221;dark&#8221; max_width=&#8221;600px&#8221; max_width_tablet=&#8221;&#8221; max_width_phone=&#8221;&#8221; max_width_last_edited=&#8221;on|phone&#8221; custom_margin=&#8221;|||&#8221; custom_margin_tablet=&#8221;|70px||70px&#8221; custom_margin_phone=&#8221;|50px||50px&#8221; custom_margin_last_edited=&#8221;off|desktop&#8221; custom_padding=&#8221;|||&#8221; text_line_height_last_edited=&#8221;off|desktop&#8221; header_2_font_size_tablet=&#8221;&#8221; header_2_font_size_phone=&#8221;30px&#8221; header_2_font_size_last_edited=&#8221;on|phone&#8221; global_colors_info=&#8221;{}&#8221;]<\/p>\n<h5><\/h5>\n<p><strong>\u201ePRZYJAZNA SZKO\u0141A\u201d<\/strong><\/p>\n<p><strong>Rz\u0105dowy program wyr\u00f3wnywania szans edukacyjnych dzieci i m\u0142odzie\u017cy <\/strong><\/p>\n<p><strong>\u201ePrzyjaznaszko\u0142a\u201d w latach 2025-2027<\/strong><\/p>\n<p>[\/et_pb_text][\/et_pb_column][et_pb_column type=&#8221;1_2&#8243; _builder_version=&#8221;4.16&#8243; custom_padding=&#8221;|||&#8221; global_colors_info=&#8221;{}&#8221; custom_padding__hover=&#8221;|||&#8221;][et_pb_text _builder_version=&#8221;4.16&#8243; text_font=&#8221;Rubik|500|||||||&#8221; text_font_size=&#8221;16px&#8221; text_line_height=&#8221;2em&#8221; quote_font=&#8221;||||||||&#8221; header_font=&#8221;||||||||&#8221; header_2_font=&#8221;Rubik|700|||||||&#8221; header_2_font_size=&#8221;40px&#8221; header_2_line_height=&#8221;1.4em&#8221; header_5_font=&#8221;Rubik|700||on|||||&#8221; header_5_letter_spacing=&#8221;5px&#8221; header_5_line_height=&#8221;1.2em&#8221; background_layout=&#8221;dark&#8221; max_width=&#8221;600px&#8221; max_width_tablet=&#8221;&#8221; max_width_phone=&#8221;&#8221; max_width_last_edited=&#8221;on|phone&#8221; custom_margin=&#8221;|||&#8221; custom_margin_tablet=&#8221;|70px||70px&#8221; custom_margin_phone=&#8221;|50px||50px&#8221; custom_margin_last_edited=&#8221;off|desktop&#8221; custom_padding=&#8221;|||&#8221; text_line_height_last_edited=&#8221;off|desktop&#8221; header_2_font_size_tablet=&#8221;&#8221; header_2_font_size_phone=&#8221;30px&#8221; header_2_font_size_last_edited=&#8221;on|phone&#8221; global_colors_info=&#8221;{}&#8221;]<\/p>\n<p><strong>Grupa docelowa:<\/strong><\/p>\n<p>Program jest skierowany do szk\u00f3\u0142, w kt\u00f3rych pobieraj\u0105 nauk\u0119 uczniowie i uczennice z Ukrainy, kt\u00f3rzyspe\u0142niaj\u0105 warunki okre\u015blone w Programie.<\/p>\n<p>Realizacja Programu wspiera funkcjonowanie ca\u0142ej spo\u0142eczno\u015bci szkolnej, w tym dzieci i m\u0142odzie\u017cyz do\u015bwiadczeniem migracji lub uchod\u017astwa z kraj\u00f3w innych ni\u017c Ukraina, kt\u00f3re pobieraj\u0105 nauk\u0119 wpolskich szko\u0142ach, ich polskich r\u00f3wie\u015bnik\u00f3w, rodzic\u00f3w i opiekun\u00f3w oraz nauczycieli.<\/p>\n<p><strong>Cel Programu:<\/strong><\/p>\n<p>G\u0142\u00f3wnym celem Programu jest wsparcie szk\u00f3\u0142, w kt\u00f3rych pobieraj\u0105 nauk\u0119 uczniowie i uczennice zUkrainy, poprzez stworzenie warunk\u00f3w, w kt\u00f3rych ca\u0142e spo\u0142eczno\u015bci szkolne czuj\u0105 si\u0119 bezpiecznie,a dzieci i m\u0142odzie\u017c mog\u0105 budowa\u0107 przyjazne relacje r\u00f3wie\u015bnicze oraz rozwija\u0107 swoj\u0105 wiedz\u0119,umiej\u0119tno\u015bci i kompetencje.<\/p>\n<p><strong>Zakres wsparcia:<\/strong><\/p>\n<p>\u201ePomoc asystenta\u201d \u2013 dofinansowanie zatrudnienia asystent\u00f3w, o kt\u00f3rych mowa w art. 165 ust. 8austawy Prawo o\u015bwiatowe. Asystent m.in. diagnozuje etapy szoku kulturowego i bariery adaptacji iintegracji oraz podejmuje dzia\u0142ania maj\u0105ce na celu przystosowanie si\u0119 ucznia do nowych reali\u00f3w,funkcjonuj\u0105cych w polskich szko\u0142ach oraz umo\u017cliwienie mu w dalszej kolejno\u015bci wyr\u00f3wnanie szansedukacyjnych na tle ca\u0142ej spo\u0142eczno\u015bci szkolnej.<\/p>\n<p>\u201eDobrostan spo\u0142eczno\u015bci szkolnej\u201d, kt\u00f3rego celem jest realizacja r\u00f3\u017cnorodnych form wsparcia narzecz dobrostanu spo\u0142eczno\u015bci szkolnej, w tym:<\/p>\n<ul>\n<li>wsparcie dla uczni\u00f3w &#8211; konsultacje specjalistyczne, specjalistyczna pomoc psychologiczna,<\/li>\n<\/ul>\n<p>doradztwo zawodowe,<\/p>\n<ul>\n<li>wsparcie rodzic\u00f3w lub opiekun\u00f3w uczni\u00f3w i uczennic z do\u015bwiadczeniem migracji lubuchod\u017astwa w rozwi\u0105zywaniu problem\u00f3w wychowawczych i dydaktycznych oraz rozwijaniu<\/li>\n<\/ul>\n<p>ich umiej\u0119tno\u015bci wychowawczych,<\/p>\n<ul>\n<li>wsparcie kadr systemu o\u015bwiaty w rozwi\u0105zywaniu problem\u00f3w wychowawczych,dydaktycznych i opieku\u0144czych.<\/li>\n<\/ul>\n<p>\u201eDoskonalenie kadr systemu o\u015bwiaty\u201d, kt\u00f3rego celem jest doskonalenie i podniesienie kompetencjizawodowych kadr systemu o\u015bwiaty, m.in. poprzez szkolenia kadry systemu o\u015bwiaty w zakresie:<\/p>\n<ul>\n<li>wsparcia edukacyjnego wynikaj\u0105cego z do\u015bwiadczenia migracji lub uchod\u017astwa,<\/li>\n<li>pracy z oddzia\u0142em i w zespo\u0142ach klasowych, do kt\u00f3rych ucz\u0119szczaj\u0105 uczniowie<\/li>\n<\/ul>\n<p>z do\u015bwiadczeniem migracji lub uchod\u017astwa,<\/p>\n<ul>\n<li>wspierania w\u0142\u0105czenia uczni\u00f3w i uczennic,<\/li>\n<li>wsparcia indywidualnego uczni\u00f3w i uczennic.<\/li>\n<\/ul>\n<p>[\/et_pb_text][\/et_pb_column][\/et_pb_row][\/et_pb_section]<\/p>\n","protected":false},"excerpt":{"rendered":"<p>\u201ePRZYJAZNA SZKO\u0141A\u201d Rz\u0105dowy program wyr\u00f3wnywania szans edukacyjnych dzieci i m\u0142odzie\u017cy \u201ePrzyjaznaszko\u0142a\u201d w latach 2025-2027Grupa docelowa: Program jest skierowany do szk\u00f3\u0142, w kt\u00f3rych pobieraj\u0105 nauk\u0119 uczniowie i uczennice z Ukrainy, kt\u00f3rzyspe\u0142niaj\u0105 warunki okre\u015blone w Programie. Realizacja Programu wspiera funkcjonowanie ca\u0142ej spo\u0142eczno\u015bci szkolnej, w tym dzieci i m\u0142odzie\u017cyz do\u015bwiadczeniem migracji lub uchod\u017astwa z kraj\u00f3w innych ni\u017c Ukraina, [&hellip;]<\/p>\n","protected":false},"author":1,"featured_media":0,"parent":0,"menu_order":0,"comment_status":"closed","ping_status":"closed","template":"","meta":{"_et_pb_use_builder":"on","_et_pb_old_content":"","_et_gb_content_width":"","footnotes":""},"class_list":["post-16131","page","type-page","status-publish","hentry"],"yoast_head":"<!-- This site is optimized with the Yoast SEO plugin v27.4 - https:\/\/yoast.com\/product\/yoast-seo-wordpress\/ -->\n<title>Przyjazna szko\u0142a - Szko\u0142a Podstawowa nr2<\/title>\n<meta name=\"robots\" content=\"index, follow, max-snippet:-1, max-image-preview:large, max-video-preview:-1\" \/>\n<link rel=\"canonical\" href=\"https:\/\/www.sp2.swidnica.pl\/?page_id=16131\" \/>\n<meta property=\"og:locale\" content=\"pl_PL\" \/>\n<meta property=\"og:type\" content=\"article\" \/>\n<meta property=\"og:title\" content=\"Przyjazna szko\u0142a - Szko\u0142a Podstawowa nr2\" \/>\n<meta property=\"og:description\" content=\"\u201ePRZYJAZNA SZKO\u0141A\u201d Rz\u0105dowy program wyr\u00f3wnywania szans edukacyjnych dzieci i m\u0142odzie\u017cy \u201ePrzyjaznaszko\u0142a\u201d w latach 2025-2027Grupa docelowa: Program jest skierowany do szk\u00f3\u0142, w kt\u00f3rych pobieraj\u0105 nauk\u0119 uczniowie i uczennice z Ukrainy, kt\u00f3rzyspe\u0142niaj\u0105 warunki okre\u015blone w Programie. Realizacja Programu wspiera funkcjonowanie ca\u0142ej spo\u0142eczno\u015bci szkolnej, w tym dzieci i m\u0142odzie\u017cyz do\u015bwiadczeniem migracji lub uchod\u017astwa z kraj\u00f3w innych ni\u017c Ukraina, [&hellip;]\" \/>\n<meta property=\"og:url\" content=\"https:\/\/www.sp2.swidnica.pl\/?page_id=16131\" \/>\n<meta property=\"og:site_name\" content=\"Szko\u0142a Podstawowa nr2\" \/>\n<meta property=\"article:modified_time\" content=\"2025-12-01T17:28:31+00:00\" \/>\n<meta name=\"twitter:card\" content=\"summary_large_image\" \/>\n<meta name=\"twitter:label1\" content=\"Szacowany czas czytania\" \/>\n\t<meta name=\"twitter:data1\" content=\"5 minut\" \/>\n<script type=\"application\/ld+json\" class=\"yoast-schema-graph\">{\"@context\":\"https:\\\/\\\/schema.org\",\"@graph\":[{\"@type\":\"WebPage\",\"@id\":\"https:\\\/\\\/www.sp2.swidnica.pl\\\/?page_id=16131\",\"url\":\"https:\\\/\\\/www.sp2.swidnica.pl\\\/?page_id=16131\",\"name\":\"Przyjazna szko\u0142a - Szko\u0142a Podstawowa nr2\",\"isPartOf\":{\"@id\":\"https:\\\/\\\/www.sp2.swidnica.pl\\\/#website\"},\"datePublished\":\"2025-12-01T17:05:56+00:00\",\"dateModified\":\"2025-12-01T17:28:31+00:00\",\"breadcrumb\":{\"@id\":\"https:\\\/\\\/www.sp2.swidnica.pl\\\/?page_id=16131#breadcrumb\"},\"inLanguage\":\"pl-PL\",\"potentialAction\":[{\"@type\":\"ReadAction\",\"target\":[\"https:\\\/\\\/www.sp2.swidnica.pl\\\/?page_id=16131\"]}]},{\"@type\":\"BreadcrumbList\",\"@id\":\"https:\\\/\\\/www.sp2.swidnica.pl\\\/?page_id=16131#breadcrumb\",\"itemListElement\":[{\"@type\":\"ListItem\",\"position\":1,\"name\":\"Start\",\"item\":\"https:\\\/\\\/www.sp2.swidnica.pl\\\/\"},{\"@type\":\"ListItem\",\"position\":2,\"name\":\"Przyjazna szko\u0142a\"}]},{\"@type\":\"WebSite\",\"@id\":\"https:\\\/\\\/www.sp2.swidnica.pl\\\/#website\",\"url\":\"https:\\\/\\\/www.sp2.swidnica.pl\\\/\",\"name\":\"Szko\u0142a Podstawowa nr2\",\"description\":\"\",\"publisher\":{\"@id\":\"https:\\\/\\\/www.sp2.swidnica.pl\\\/#organization\"},\"potentialAction\":[{\"@type\":\"SearchAction\",\"target\":{\"@type\":\"EntryPoint\",\"urlTemplate\":\"https:\\\/\\\/www.sp2.swidnica.pl\\\/?s={search_term_string}\"},\"query-input\":{\"@type\":\"PropertyValueSpecification\",\"valueRequired\":true,\"valueName\":\"search_term_string\"}}],\"inLanguage\":\"pl-PL\"},{\"@type\":\"Organization\",\"@id\":\"https:\\\/\\\/www.sp2.swidnica.pl\\\/#organization\",\"name\":\"Szko\u0142a Podstawowa nr2\",\"url\":\"https:\\\/\\\/www.sp2.swidnica.pl\\\/\",\"logo\":{\"@type\":\"ImageObject\",\"inLanguage\":\"pl-PL\",\"@id\":\"https:\\\/\\\/www.sp2.swidnica.pl\\\/#\\\/schema\\\/logo\\\/image\\\/\",\"url\":\"https:\\\/\\\/www.sp2.swidnica.pl\\\/wp-content\\\/uploads\\\/2023\\\/12\\\/cropped-cropped-cropped-logo_gotowe1-1.png\",\"contentUrl\":\"https:\\\/\\\/www.sp2.swidnica.pl\\\/wp-content\\\/uploads\\\/2023\\\/12\\\/cropped-cropped-cropped-logo_gotowe1-1.png\",\"width\":512,\"height\":512,\"caption\":\"Szko\u0142a Podstawowa nr2\"},\"image\":{\"@id\":\"https:\\\/\\\/www.sp2.swidnica.pl\\\/#\\\/schema\\\/logo\\\/image\\\/\"}}]}<\/script>\n<!-- \/ Yoast SEO plugin. -->","yoast_head_json":{"title":"Przyjazna szko\u0142a - Szko\u0142a Podstawowa nr2","robots":{"index":"index","follow":"follow","max-snippet":"max-snippet:-1","max-image-preview":"max-image-preview:large","max-video-preview":"max-video-preview:-1"},"canonical":"https:\/\/www.sp2.swidnica.pl\/?page_id=16131","og_locale":"pl_PL","og_type":"article","og_title":"Przyjazna szko\u0142a - Szko\u0142a Podstawowa nr2","og_description":"\u201ePRZYJAZNA SZKO\u0141A\u201d Rz\u0105dowy program wyr\u00f3wnywania szans edukacyjnych dzieci i m\u0142odzie\u017cy \u201ePrzyjaznaszko\u0142a\u201d w latach 2025-2027Grupa docelowa: Program jest skierowany do szk\u00f3\u0142, w kt\u00f3rych pobieraj\u0105 nauk\u0119 uczniowie i uczennice z Ukrainy, kt\u00f3rzyspe\u0142niaj\u0105 warunki okre\u015blone w Programie. Realizacja Programu wspiera funkcjonowanie ca\u0142ej spo\u0142eczno\u015bci szkolnej, w tym dzieci i m\u0142odzie\u017cyz do\u015bwiadczeniem migracji lub uchod\u017astwa z kraj\u00f3w innych ni\u017c Ukraina, [&hellip;]","og_url":"https:\/\/www.sp2.swidnica.pl\/?page_id=16131","og_site_name":"Szko\u0142a Podstawowa nr2","article_modified_time":"2025-12-01T17:28:31+00:00","twitter_card":"summary_large_image","twitter_misc":{"Szacowany czas czytania":"5 minut"},"schema":{"@context":"https:\/\/schema.org","@graph":[{"@type":"WebPage","@id":"https:\/\/www.sp2.swidnica.pl\/?page_id=16131","url":"https:\/\/www.sp2.swidnica.pl\/?page_id=16131","name":"Przyjazna szko\u0142a - Szko\u0142a Podstawowa nr2","isPartOf":{"@id":"https:\/\/www.sp2.swidnica.pl\/#website"},"datePublished":"2025-12-01T17:05:56+00:00","dateModified":"2025-12-01T17:28:31+00:00","breadcrumb":{"@id":"https:\/\/www.sp2.swidnica.pl\/?page_id=16131#breadcrumb"},"inLanguage":"pl-PL","potentialAction":[{"@type":"ReadAction","target":["https:\/\/www.sp2.swidnica.pl\/?page_id=16131"]}]},{"@type":"BreadcrumbList","@id":"https:\/\/www.sp2.swidnica.pl\/?page_id=16131#breadcrumb","itemListElement":[{"@type":"ListItem","position":1,"name":"Start","item":"https:\/\/www.sp2.swidnica.pl\/"},{"@type":"ListItem","position":2,"name":"Przyjazna szko\u0142a"}]},{"@type":"WebSite","@id":"https:\/\/www.sp2.swidnica.pl\/#website","url":"https:\/\/www.sp2.swidnica.pl\/","name":"Szko\u0142a Podstawowa nr2","description":"","publisher":{"@id":"https:\/\/www.sp2.swidnica.pl\/#organization"},"potentialAction":[{"@type":"SearchAction","target":{"@type":"EntryPoint","urlTemplate":"https:\/\/www.sp2.swidnica.pl\/?s={search_term_string}"},"query-input":{"@type":"PropertyValueSpecification","valueRequired":true,"valueName":"search_term_string"}}],"inLanguage":"pl-PL"},{"@type":"Organization","@id":"https:\/\/www.sp2.swidnica.pl\/#organization","name":"Szko\u0142a Podstawowa nr2","url":"https:\/\/www.sp2.swidnica.pl\/","logo":{"@type":"ImageObject","inLanguage":"pl-PL","@id":"https:\/\/www.sp2.swidnica.pl\/#\/schema\/logo\/image\/","url":"https:\/\/www.sp2.swidnica.pl\/wp-content\/uploads\/2023\/12\/cropped-cropped-cropped-logo_gotowe1-1.png","contentUrl":"https:\/\/www.sp2.swidnica.pl\/wp-content\/uploads\/2023\/12\/cropped-cropped-cropped-logo_gotowe1-1.png","width":512,"height":512,"caption":"Szko\u0142a Podstawowa nr2"},"image":{"@id":"https:\/\/www.sp2.swidnica.pl\/#\/schema\/logo\/image\/"}}]}},"_links":{"self":[{"href":"https:\/\/www.sp2.swidnica.pl\/index.php?rest_route=\/wp\/v2\/pages\/16131","targetHints":{"allow":["GET"]}}],"collection":[{"href":"https:\/\/www.sp2.swidnica.pl\/index.php?rest_route=\/wp\/v2\/pages"}],"about":[{"href":"https:\/\/www.sp2.swidnica.pl\/index.php?rest_route=\/wp\/v2\/types\/page"}],"author":[{"embeddable":true,"href":"https:\/\/www.sp2.swidnica.pl\/index.php?rest_route=\/wp\/v2\/users\/1"}],"replies":[{"embeddable":true,"href":"https:\/\/www.sp2.swidnica.pl\/index.php?rest_route=%2Fwp%2Fv2%2Fcomments&post=16131"}],"version-history":[{"count":9,"href":"https:\/\/www.sp2.swidnica.pl\/index.php?rest_route=\/wp\/v2\/pages\/16131\/revisions"}],"predecessor-version":[{"id":16148,"href":"https:\/\/www.sp2.swidnica.pl\/index.php?rest_route=\/wp\/v2\/pages\/16131\/revisions\/16148"}],"wp:attachment":[{"href":"https:\/\/www.sp2.swidnica.pl\/index.php?rest_route=%2Fwp%2Fv2%2Fmedia&parent=16131"}],"curies":[{"name":"wp","href":"https:\/\/api.w.org\/{rel}","templated":true}]}}